{"id":18669,"date":"2024-10-23T15:17:49","date_gmt":"2024-10-23T15:17:49","guid":{"rendered":"https:\/\/valleybeach.pt\/?page_id=18669"},"modified":"2024-10-23T16:32:07","modified_gmt":"2024-10-23T16:32:07","slug":"informacao-util-largo-da-oliveira","status":"publish","type":"page","link":"https:\/\/montedosxistos.pt\/informacao-util-largo-da-oliveira\/","title":{"rendered":"Informa\u00e7\u00e3o \u00datil"},"content":{"rendered":"\n<div class=\"wp-block-getwid-accordion has-icon-left\" data-active-element=\"none\">\n<div class=\"wp-block-getwid-accordion__header-wrapper\"><span class=\"wp-block-getwid-accordion__header\"><a href=\"#\"><span class=\"wp-block-getwid-accordion__header-title\"><strong><strong>S.O.S<\/strong><\/strong><\/span><span class=\"wp-block-getwid-accordion__icon is-active\"><i class=\"fas fa-angle-down\"><\/i><\/span><span class=\"wp-block-getwid-accordion__icon is-passive\"><i class=\"fas fa-angle-up\"><\/i><\/span><\/a><\/span><\/div><div class=\"wp-block-getwid-accordion__content-wrapper\"><div class=\"wp-block-getwid-accordion__content\">\n<h3 class=\"wp-block-heading\" id=\"h-112\">112<\/h3>\n<\/div><\/div>\n\n\n\n<div class=\"wp-block-getwid-accordion__header-wrapper\"><span class=\"wp-block-getwid-accordion__header\"><a href=\"#\"><span class=\"wp-block-getwid-accordion__header-title\"><strong>HOSPITAL SRA. DA OLIVEIRA <\/strong><\/span><span class=\"wp-block-getwid-accordion__icon is-active\"><i class=\"fas fa-angle-down\"><\/i><\/span><span class=\"wp-block-getwid-accordion__icon is-passive\"><i class=\"fas fa-angle-up\"><\/i><\/span><\/a><\/span><\/div><div class=\"wp-block-getwid-accordion__content-wrapper\"><div class=\"wp-block-getwid-accordion__content\">\n<h3 class=\"wp-block-heading\" id=\"h-hospital-publico-351-253-540-330\">Hospital P\u00fablico<br>(+351) 253 540 330<br><\/h3>\n<\/div><\/div>\n\n\n\n<div class=\"wp-block-getwid-accordion__header-wrapper\"><span class=\"wp-block-getwid-accordion__header\"><a href=\"#\"><span class=\"wp-block-getwid-accordion__header-title\"><strong>HOSPITAL DA LUZ<\/strong><\/span><span class=\"wp-block-getwid-accordion__icon is-active\"><i class=\"fas fa-angle-down\"><\/i><\/span><span class=\"wp-block-getwid-accordion__icon is-passive\"><i class=\"fas fa-angle-up\"><\/i><\/span><\/a><\/span><\/div><div class=\"wp-block-getwid-accordion__content-wrapper\"><div class=\"wp-block-getwid-accordion__content\">\n<h3 class=\"wp-block-heading\" id=\"h-hospital-privado-351-253-420-300\">Hospital Privado<br>(+351) 253 420 300<br><\/h3>\n<\/div><\/div>\n\n\n\n<div class=\"wp-block-getwid-accordion__header-wrapper\"><span class=\"wp-block-getwid-accordion__header\"><a href=\"#\"><span class=\"wp-block-getwid-accordion__header-title\"><strong>BOMBEIROS VOLUNT\u00c1RIOS<\/strong><\/span><span class=\"wp-block-getwid-accordion__icon is-active\"><i class=\"fas fa-angle-down\"><\/i><\/span><span class=\"wp-block-getwid-accordion__icon is-passive\"><i class=\"fas fa-angle-up\"><\/i><\/span><\/a><\/span><\/div><div class=\"wp-block-getwid-accordion__content-wrapper\"><div class=\"wp-block-getwid-accordion__content\">\n<h3 class=\"wp-block-heading\" id=\"h-351-253-515-444\">(+351) 253 515 444<\/h3>\n<\/div><\/div>\n\n\n\n<div class=\"wp-block-getwid-accordion__header-wrapper\"><span class=\"wp-block-getwid-accordion__header\"><a href=\"#\"><span class=\"wp-block-getwid-accordion__header-title\"><strong>C\u00c2MARA MUNICIPAL<\/strong><\/span><span class=\"wp-block-getwid-accordion__icon is-active\"><i class=\"fas fa-angle-down\"><\/i><\/span><span class=\"wp-block-getwid-accordion__icon is-passive\"><i class=\"fas fa-angle-up\"><\/i><\/span><\/a><\/span><\/div><div class=\"wp-block-getwid-accordion__content-wrapper\"><div class=\"wp-block-getwid-accordion__content\">\n<h3 class=\"wp-block-heading\" id=\"h-351-253-421-200\">(+351) 253 421 200<\/h3>\n<\/div><\/div>\n\n\n\n<div class=\"wp-block-getwid-accordion__header-wrapper\"><span class=\"wp-block-getwid-accordion__header\"><a href=\"#\"><span class=\"wp-block-getwid-accordion__header-title\"><strong>POL\u00cdCIA MUNICIPAL<\/strong><\/span><span class=\"wp-block-getwid-accordion__icon is-active\"><i class=\"fas fa-angle-down\"><\/i><\/span><span class=\"wp-block-getwid-accordion__icon is-passive\"><i class=\"fas fa-angle-up\"><\/i><\/span><\/a><\/span><\/div><div class=\"wp-block-getwid-accordion__content-wrapper\"><div class=\"wp-block-getwid-accordion__content\">\n<h3 class=\"wp-block-heading\" id=\"h-351-253-421-222\">(+351) 253 421 222<\/h3>\n<\/div><\/div>\n\n\n\n<div class=\"wp-block-getwid-accordion__header-wrapper\"><span class=\"wp-block-getwid-accordion__header\"><a href=\"#\"><span class=\"wp-block-getwid-accordion__header-title\"><strong>P.S.P.<\/strong><\/span><span class=\"wp-block-getwid-accordion__icon is-active\"><i class=\"fas fa-angle-down\"><\/i><\/span><span class=\"wp-block-getwid-accordion__icon is-passive\"><i class=\"fas fa-angle-up\"><\/i><\/span><\/a><\/span><\/div><div class=\"wp-block-getwid-accordion__content-wrapper\"><div class=\"wp-block-getwid-accordion__content\">\n<h3 class=\"wp-block-heading\" id=\"h-351-253-540-660\">(+351) 253 540 660<\/h3>\n<\/div><\/div>\n\n\n\n<div class=\"wp-block-getwid-accordion__header-wrapper\"><span class=\"wp-block-getwid-accordion__header\"><a href=\"#\"><span class=\"wp-block-getwid-accordion__header-title\"><strong>G.N.R.<\/strong><\/span><span class=\"wp-block-getwid-accordion__icon is-active\"><i class=\"fas fa-angle-down\"><\/i><\/span><span class=\"wp-block-getwid-accordion__icon is-passive\"><i class=\"fas fa-angle-up\"><\/i><\/span><\/a><\/span><\/div><div class=\"wp-block-getwid-accordion__content-wrapper\"><div class=\"wp-block-getwid-accordion__content\">\n<h3 class=\"wp-block-heading\" id=\"h-351-253-422-575\">(+351) 253 422 575<\/h3>\n<\/div><\/div>\n\n\n\n<div class=\"wp-block-getwid-accordion__header-wrapper\"><span class=\"wp-block-getwid-accordion__header\"><a href=\"#\"><span class=\"wp-block-getwid-accordion__header-title\"><strong>ESTA\u00c7\u00c3O C.P.<\/strong><\/span><span class=\"wp-block-getwid-accordion__icon is-active\"><i class=\"fas fa-angle-down\"><\/i><\/span><span class=\"wp-block-getwid-accordion__icon is-passive\"><i class=\"fas fa-angle-up\"><\/i><\/span><\/a><\/span><\/div><div class=\"wp-block-getwid-accordion__content-wrapper\"><div class=\"wp-block-getwid-accordion__content\">\n<h3 class=\"wp-block-heading\" id=\"h-351-707-210-220\">(+351) 707 210 220<\/h3>\n<\/div><\/div>\n\n\n\n<div class=\"wp-block-getwid-accordion__header-wrapper\"><span class=\"wp-block-getwid-accordion__header\"><a href=\"#\"><span class=\"wp-block-getwid-accordion__header-title\"><strong>T\u00c1XIS<\/strong><\/span><span class=\"wp-block-getwid-accordion__icon is-active\"><i class=\"fas fa-angle-down\"><\/i><\/span><span class=\"wp-block-getwid-accordion__icon is-passive\"><i class=\"fas fa-angle-up\"><\/i><\/span><\/a><\/span><\/div><div class=\"wp-block-getwid-accordion__content-wrapper\"><div class=\"wp-block-getwid-accordion__content\">\n<h3 class=\"wp-block-heading\" id=\"h-351-253-522-522\">(+351) 253 522 522<\/h3>\n\n\n\n<h3 class=\"wp-block-heading\" id=\"h-351-253-525-252\">(+351) 253 525 252<\/h3>\n<\/div><\/div>\n\n\n\n<div class=\"wp-block-getwid-accordion__header-wrapper\"><span class=\"wp-block-getwid-accordion__header\"><a href=\"#\"><span class=\"wp-block-getwid-accordion__header-title\"><strong>GET BUS (AIRPORT TRANSFERE)<\/strong><\/span><span class=\"wp-block-getwid-accordion__icon is-active\"><i class=\"fas fa-angle-down\"><\/i><\/span><span class=\"wp-block-getwid-accordion__icon is-passive\"><i class=\"fas fa-angle-up\"><\/i><\/span><\/a><\/span><\/div><div class=\"wp-block-getwid-accordion__content-wrapper\"><div class=\"wp-block-getwid-accordion__content\">\n<h3 class=\"wp-block-heading\" id=\"h-351-253-262-371\">(+351) 253 262 371<\/h3>\n<\/div><\/div>\n\n\n\n<div class=\"wp-block-getwid-accordion__header-wrapper\"><span class=\"wp-block-getwid-accordion__header\"><a href=\"#\"><span class=\"wp-block-getwid-accordion__header-title\"><strong>COM\u00c9RCIO<\/strong><\/span><span class=\"wp-block-getwid-accordion__icon is-active\"><i class=\"fas fa-angle-down\"><\/i><\/span><span class=\"wp-block-getwid-accordion__icon is-passive\"><i class=\"fas fa-angle-up\"><\/i><\/span><\/a><\/span><\/div><div class=\"wp-block-getwid-accordion__content-wrapper\"><div class=\"wp-block-getwid-accordion__content\">\n<h3 class=\"wp-block-heading\" id=\"h-segunda-a-sexta-manha-9-00h-13-00h-tarde-15-00h-19-00h-sabado-manha-9-00h-13-00h\">Segunda a Sexta: <br>Manh\u00e3 9:00h &#8211; 13:00h <br>Tarde 15:00h &#8211; 19:00h<br><br>S\u00e1bado:<br>Manh\u00e3 9:00h &#8211; 13:00h<\/h3>\n<\/div><\/div>\n\n\n\n<div class=\"wp-block-getwid-accordion__header-wrapper\"><span class=\"wp-block-getwid-accordion__header\"><a href=\"#\"><span class=\"wp-block-getwid-accordion__header-title\"><strong>FARM\u00c1CIAS<\/strong><\/span><span class=\"wp-block-getwid-accordion__icon is-active\"><i class=\"fas fa-angle-down\"><\/i><\/span><span class=\"wp-block-getwid-accordion__icon is-passive\"><i class=\"fas fa-angle-up\"><\/i><\/span><\/a><\/span><\/div><div class=\"wp-block-getwid-accordion__content-wrapper\"><div class=\"wp-block-getwid-accordion__content\">\n<h3 class=\"wp-block-heading\" id=\"h-farmacia-nobel-08-30-19-30-encerrada-domingo-rua-de-santo-antonio-70-351-253-412-950-farmacia-barbosa-08-30-19-30-encerrada-domingo-largo-do-toural-36-351-910-105-438\">Farm\u00e1cia Nobel<br>08:30 &#8211; 19:30 <br>(Encerrada Domingo)<br>Rua de Santo Ant\u00f3nio, 70<br>(+351) 253 412 950<br><br>Farm\u00e1cia Barbosa<br>08:30 &#8211; 19:30 <br>(Encerrada Domingo)<br>Largo do Toural, 36<br>(+351) 910 105 438<\/h3>\n\n\n\n<h3 class=\"wp-block-heading\" id=\"h-farmacia-pereira-08-30-19-30-encerrada-domingo-alameda-de-sao-damaso-43-351-253-412-950\">Farm\u00e1cia Pereira<br>08:30 &#8211; 19:30 <br>(Encerrada Domingo)<br>Alameda de S\u00e3o D\u00e2maso, 43<br>(+351) 253 412 950<\/h3>\n\n\n\n<h3 class=\"wp-block-heading\" id=\"h-farmacia-horus-08-30-19-30-encerrada-domingo-largo-do-toural-26-351-253-517-144\">Farm\u00e1cia H\u00f3rus<br>08:30 &#8211; 19:30 <br>(Encerrada Domingo)<br>Largo do Toural, 26<br>(+351) 253 517 144<\/h3>\n\n\n\n<h3 class=\"wp-block-heading\" id=\"h-farmacia-da-praca-08-30-19-30-encerrada-domingo-rua-paio-galvao-24-e-26-351-253-523-167\">Farm\u00e1cia da Pra\u00e7a<br>08:30 &#8211; 19:30 <br>(Encerrada Domingo)<br>Rua Paio Galv\u00e3o, 24 e 26<br>(+351) 253 523 167<\/h3>\n\n\n\n<p><\/p>\n<\/div><\/div>\n\n\n\n<div class=\"wp-block-getwid-accordion__header-wrapper\"><span class=\"wp-block-getwid-accordion__header\"><a href=\"#\"><span class=\"wp-block-getwid-accordion__header-title\"><strong>FEIRA SEMANAL<\/strong><\/span><span class=\"wp-block-getwid-accordion__icon is-active\"><i class=\"fas fa-angle-down\"><\/i><\/span><span class=\"wp-block-getwid-accordion__icon is-passive\"><i class=\"fas fa-angle-up\"><\/i><\/span><\/a><\/span><\/div><div class=\"wp-block-getwid-accordion__content-wrapper\"><div class=\"wp-block-getwid-accordion__content\">\n<h3 class=\"wp-block-heading\" id=\"h-sexta-feira\">Sexta-feira<\/h3>\n\n\n\n<p><\/p>\n<\/div><\/div>\n\n\n\n<div class=\"wp-block-getwid-accordion__header-wrapper\"><span class=\"wp-block-getwid-accordion__header\"><a href=\"#\"><span class=\"wp-block-getwid-accordion__header-title\"><strong>R\u00c1DIOS LOCAIS<\/strong> <\/span><span class=\"wp-block-getwid-accordion__icon is-active\"><i class=\"fas fa-angle-down\"><\/i><\/span><span class=\"wp-block-getwid-accordion__icon is-passive\"><i class=\"fas fa-angle-up\"><\/i><\/span><\/a><\/span><\/div><div class=\"wp-block-getwid-accordion__content-wrapper\"><div class=\"wp-block-getwid-accordion__content\">\n<h3 class=\"wp-block-heading\" id=\"h-radio-fundacao-fm-95-8-mhz-radio-santiago-fm-98-0-mhz\">R\u00c1DIO FUNDA\u00c7\u00c3O<br>FM 95.8 mhz<br><br>R\u00c1DIO SANTIAGO<br>FM 98.0 mhz<\/h3>\n<\/div><\/div>\n\n\n\n<div class=\"wp-block-getwid-accordion__header-wrapper\"><span class=\"wp-block-getwid-accordion__header\"><a href=\"#\"><span class=\"wp-block-getwid-accordion__header-title\"><strong>POSTO DE TURISMO<\/strong> <\/span><span class=\"wp-block-getwid-accordion__icon is-active\"><i class=\"fas fa-angle-down\"><\/i><\/span><span class=\"wp-block-getwid-accordion__icon is-passive\"><i class=\"fas fa-angle-up\"><\/i><\/span><\/a><\/span><\/div><div class=\"wp-block-getwid-accordion__content-wrapper\"><div class=\"wp-block-getwid-accordion__content\">\n<h3 class=\"wp-block-heading\" id=\"h-351-253-421-221-largo-conego-jose-maria-gomes\">(+351) 253 421 221<br>Largo C\u00f3nego Jos\u00e9 Maria Gomes<\/h3>\n<\/div><\/div>\n<\/div>\n\n\n\n<div class=\"wp-block-buttons is-content-justification-center is-layout-flex wp-container-core-buttons-is-layout-a89b3969 wp-block-buttons-is-layout-flex\">\n<div class=\"wp-block-button\"><a class=\"wp-block-button__link has-text-align-center wp-element-button\" href=\"https:\/\/montedosxistos.pt\/livro-de-informacoes-largo-da-oliveira\/\">Voltar<\/a><\/div>\n<\/div>\n\n\n\n<p><\/p>\n","protected":false},"excerpt":{"rendered":"","protected":false},"author":4,"featured_media":0,"parent":0,"menu_order":0,"comment_status":"closed","ping_status":"closed","template":"","meta":{"inline_featured_image":false,"footnotes":""},"class_list":["post-18669","page","type-page","status-publish","hentry"],"_links":{"self":[{"href":"https:\/\/montedosxistos.pt\/wp-json\/wp\/v2\/pages\/18669","targetHints":{"allow":["GET"]}}],"collection":[{"href":"https:\/\/montedosxistos.pt\/wp-json\/wp\/v2\/pages"}],"about":[{"href":"https:\/\/montedosxistos.pt\/wp-json\/wp\/v2\/types\/page"}],"author":[{"embeddable":true,"href":"https:\/\/montedosxistos.pt\/wp-json\/wp\/v2\/users\/4"}],"replies":[{"embeddable":true,"href":"https:\/\/montedosxistos.pt\/wp-json\/wp\/v2\/comments?post=18669"}],"version-history":[{"count":15,"href":"https:\/\/montedosxistos.pt\/wp-json\/wp\/v2\/pages\/18669\/revisions"}],"predecessor-version":[{"id":18764,"href":"https:\/\/montedosxistos.pt\/wp-json\/wp\/v2\/pages\/18669\/revisions\/18764"}],"wp:attachment":[{"href":"https:\/\/montedosxistos.pt\/wp-json\/wp\/v2\/media?parent=18669"}],"curies":[{"name":"wp","href":"https:\/\/api.w.org\/{rel}","templated":true}]}}